{"id":22,"date":"2024-11-02T13:03:57","date_gmt":"2024-11-02T13:03:57","guid":{"rendered":"http:\/\/ankaraplazma.com\/index.php\/front_page\/"},"modified":"2024-11-19T10:36:27","modified_gmt":"2024-11-19T10:36:27","slug":"front_page","status":"publish","type":"page","link":"http:\/\/ankaraplazma.com\/","title":{"rendered":"Home"},"content":{"rendered":"\n\n\n\n\n\n","protected":false},"excerpt":{"rendered":"","protected":false},"author":1,"featured_media":0,"parent":0,"menu_order":0,"comment_status":"closed","ping_status":"closed","template":"","meta":{"saved_in_kubio":true,"footnotes":""},"class_list":["post-22","page","type-page","status-publish","hentry"],"kubio_ai_page_context":{"short_desc":"","purpose":"general"},"yoast_head":"<!-- This site is optimized with the Yoast SEO plugin v25.4 - https:\/\/yoast.com\/wordpress\/plugins\/seo\/ -->\n<title>Home - ANKARA PLAZMA CNC ANKARA PLAZMA SERV\u0130S<\/title>\n<meta name=\"description\" content=\"Teknik servis alan\u0131ndaki 17 y\u0131ll\u0131k deneyimimizle, siz de\u011ferli m\u00fc\u015fterilerimize h\u0131zl\u0131 ve g\u00fcvenilir hizmet sunuyoruz. Profesyonel ekibimiz, her t\u00fcrl\u00fc teknik sorunu \u00e7\u00f6zmek i\u00e7in haz\u0131r ve donan\u0131ml\u0131d\u0131r. Hedefimiz, m\u00fc\u015fteri memnuniyetini en \u00fcst seviyeye \u00e7\u0131karmakt\u0131r\" \/>\n<meta name=\"robots\" content=\"index, follow, max-snippet:-1, max-image-preview:large, max-video-preview:-1\" \/>\n<link rel=\"canonical\" href=\"http:\/\/ankaraplazma.com\/\" \/>\n<meta property=\"og:locale\" content=\"tr_TR\" \/>\n<meta property=\"og:type\" content=\"article\" \/>\n<meta property=\"og:title\" content=\"Home - ANKARA PLAZMA CNC ANKARA PLAZMA SERV\u0130S\" \/>\n<meta property=\"og:description\" content=\"Teknik servis alan\u0131ndaki 17 y\u0131ll\u0131k deneyimimizle, siz de\u011ferli m\u00fc\u015fterilerimize h\u0131zl\u0131 ve g\u00fcvenilir hizmet sunuyoruz. Profesyonel ekibimiz, her t\u00fcrl\u00fc teknik sorunu \u00e7\u00f6zmek i\u00e7in haz\u0131r ve donan\u0131ml\u0131d\u0131r. Hedefimiz, m\u00fc\u015fteri memnuniyetini en \u00fcst seviyeye \u00e7\u0131karmakt\u0131r\" \/>\n<meta property=\"og:url\" content=\"http:\/\/ankaraplazma.com\/\" \/>\n<meta property=\"og:site_name\" content=\"ANKARA PLAZMA\" \/>\n<meta property=\"article:modified_time\" content=\"2024-11-19T10:36:27+00:00\" \/>\n<meta property=\"og:image\" content=\"http:\/\/ankaraplazma.com\/wp-content\/uploads\/2024\/11\/ANKARA-PLAZMA-logo-1.png\" \/>\n\t<meta property=\"og:image:width\" content=\"500\" \/>\n\t<meta property=\"og:image:height\" content=\"500\" \/>\n\t<meta property=\"og:image:type\" content=\"image\/png\" \/>\n<meta name=\"twitter:card\" content=\"summary_large_image\" \/>\n<meta name=\"twitter:label1\" content=\"Tahmini okuma s\u00fcresi\" \/>\n\t<meta name=\"twitter:data1\" content=\"1 dakika\" \/>\n<script type=\"application\/ld+json\" class=\"yoast-schema-graph\">{\"@context\":\"https:\/\/schema.org\",\"@graph\":[{\"@type\":\"WebPage\",\"@id\":\"http:\/\/ankaraplazma.com\/\",\"url\":\"http:\/\/ankaraplazma.com\/\",\"name\":\"Home - ANKARA PLAZMA CNC ANKARA PLAZMA SERV\u0130S\",\"isPartOf\":{\"@id\":\"http:\/\/ankaraplazma.com\/#website\"},\"datePublished\":\"2024-11-02T13:03:57+00:00\",\"dateModified\":\"2024-11-19T10:36:27+00:00\",\"description\":\"Teknik servis alan\u0131ndaki 17 y\u0131ll\u0131k deneyimimizle, siz de\u011ferli m\u00fc\u015fterilerimize h\u0131zl\u0131 ve g\u00fcvenilir hizmet sunuyoruz. Profesyonel ekibimiz, her t\u00fcrl\u00fc teknik sorunu \u00e7\u00f6zmek i\u00e7in haz\u0131r ve donan\u0131ml\u0131d\u0131r. Hedefimiz, m\u00fc\u015fteri memnuniyetini en \u00fcst seviyeye \u00e7\u0131karmakt\u0131r\",\"breadcrumb\":{\"@id\":\"http:\/\/ankaraplazma.com\/#breadcrumb\"},\"inLanguage\":\"tr\",\"potentialAction\":[{\"@type\":\"ReadAction\",\"target\":[\"http:\/\/ankaraplazma.com\/\"]}]},{\"@type\":\"BreadcrumbList\",\"@id\":\"http:\/\/ankaraplazma.com\/#breadcrumb\",\"itemListElement\":[{\"@type\":\"ListItem\",\"position\":1,\"name\":\"Anasayfa\",\"item\":\"http:\/\/ankaraplazma.com\/\"},{\"@type\":\"ListItem\",\"position\":2,\"name\":\"Home\"}]},{\"@type\":\"WebSite\",\"@id\":\"http:\/\/ankaraplazma.com\/#website\",\"url\":\"http:\/\/ankaraplazma.com\/\",\"name\":\"ANKARA PLAZMA\",\"description\":\"cncankaraplazma\",\"publisher\":{\"@id\":\"http:\/\/ankaraplazma.com\/#organization\"},\"alternateName\":\"ankaraplazma\",\"potentialAction\":[{\"@type\":\"SearchAction\",\"target\":{\"@type\":\"EntryPoint\",\"urlTemplate\":\"http:\/\/ankaraplazma.com\/?s={search_term_string}\"},\"query-input\":{\"@type\":\"PropertyValueSpecification\",\"valueRequired\":true,\"valueName\":\"search_term_string\"}}],\"inLanguage\":\"tr\"},{\"@type\":\"Organization\",\"@id\":\"http:\/\/ankaraplazma.com\/#organization\",\"name\":\"ANKARA PLAZMA\",\"url\":\"http:\/\/ankaraplazma.com\/\",\"logo\":{\"@type\":\"ImageObject\",\"inLanguage\":\"tr\",\"@id\":\"http:\/\/ankaraplazma.com\/#\/schema\/logo\/image\/\",\"url\":\"https:\/\/ankaraplazma.com\/wp-content\/uploads\/2024\/11\/ANKARA-PLAZMA-logo-1.png\",\"contentUrl\":\"https:\/\/ankaraplazma.com\/wp-content\/uploads\/2024\/11\/ANKARA-PLAZMA-logo-1.png\",\"width\":500,\"height\":500,\"caption\":\"ANKARA PLAZMA\"},\"image\":{\"@id\":\"http:\/\/ankaraplazma.com\/#\/schema\/logo\/image\/\"}}]}<\/script>\n<!-- \/ Yoast SEO plugin. -->","yoast_head_json":{"title":"Home - ANKARA PLAZMA CNC ANKARA PLAZMA SERV\u0130S","description":"Teknik servis alan\u0131ndaki 17 y\u0131ll\u0131k deneyimimizle, siz de\u011ferli m\u00fc\u015fterilerimize h\u0131zl\u0131 ve g\u00fcvenilir hizmet sunuyoruz. Profesyonel ekibimiz, her t\u00fcrl\u00fc teknik sorunu \u00e7\u00f6zmek i\u00e7in haz\u0131r ve donan\u0131ml\u0131d\u0131r. Hedefimiz, m\u00fc\u015fteri memnuniyetini en \u00fcst seviyeye \u00e7\u0131karmakt\u0131r","robots":{"index":"index","follow":"follow","max-snippet":"max-snippet:-1","max-image-preview":"max-image-preview:large","max-video-preview":"max-video-preview:-1"},"canonical":"http:\/\/ankaraplazma.com\/","og_locale":"tr_TR","og_type":"article","og_title":"Home - ANKARA PLAZMA CNC ANKARA PLAZMA SERV\u0130S","og_description":"Teknik servis alan\u0131ndaki 17 y\u0131ll\u0131k deneyimimizle, siz de\u011ferli m\u00fc\u015fterilerimize h\u0131zl\u0131 ve g\u00fcvenilir hizmet sunuyoruz. Profesyonel ekibimiz, her t\u00fcrl\u00fc teknik sorunu \u00e7\u00f6zmek i\u00e7in haz\u0131r ve donan\u0131ml\u0131d\u0131r. Hedefimiz, m\u00fc\u015fteri memnuniyetini en \u00fcst seviyeye \u00e7\u0131karmakt\u0131r","og_url":"http:\/\/ankaraplazma.com\/","og_site_name":"ANKARA PLAZMA","article_modified_time":"2024-11-19T10:36:27+00:00","og_image":[{"width":500,"height":500,"url":"http:\/\/ankaraplazma.com\/wp-content\/uploads\/2024\/11\/ANKARA-PLAZMA-logo-1.png","type":"image\/png"}],"twitter_card":"summary_large_image","twitter_misc":{"Tahmini okuma s\u00fcresi":"1 dakika"},"schema":{"@context":"https:\/\/schema.org","@graph":[{"@type":"WebPage","@id":"http:\/\/ankaraplazma.com\/","url":"http:\/\/ankaraplazma.com\/","name":"Home - ANKARA PLAZMA CNC ANKARA PLAZMA SERV\u0130S","isPartOf":{"@id":"http:\/\/ankaraplazma.com\/#website"},"datePublished":"2024-11-02T13:03:57+00:00","dateModified":"2024-11-19T10:36:27+00:00","description":"Teknik servis alan\u0131ndaki 17 y\u0131ll\u0131k deneyimimizle, siz de\u011ferli m\u00fc\u015fterilerimize h\u0131zl\u0131 ve g\u00fcvenilir hizmet sunuyoruz. Profesyonel ekibimiz, her t\u00fcrl\u00fc teknik sorunu \u00e7\u00f6zmek i\u00e7in haz\u0131r ve donan\u0131ml\u0131d\u0131r. Hedefimiz, m\u00fc\u015fteri memnuniyetini en \u00fcst seviyeye \u00e7\u0131karmakt\u0131r","breadcrumb":{"@id":"http:\/\/ankaraplazma.com\/#breadcrumb"},"inLanguage":"tr","potentialAction":[{"@type":"ReadAction","target":["http:\/\/ankaraplazma.com\/"]}]},{"@type":"BreadcrumbList","@id":"http:\/\/ankaraplazma.com\/#breadcrumb","itemListElement":[{"@type":"ListItem","position":1,"name":"Anasayfa","item":"http:\/\/ankaraplazma.com\/"},{"@type":"ListItem","position":2,"name":"Home"}]},{"@type":"WebSite","@id":"http:\/\/ankaraplazma.com\/#website","url":"http:\/\/ankaraplazma.com\/","name":"ANKARA PLAZMA","description":"cncankaraplazma","publisher":{"@id":"http:\/\/ankaraplazma.com\/#organization"},"alternateName":"ankaraplazma","potentialAction":[{"@type":"SearchAction","target":{"@type":"EntryPoint","urlTemplate":"http:\/\/ankaraplazma.com\/?s={search_term_string}"},"query-input":{"@type":"PropertyValueSpecification","valueRequired":true,"valueName":"search_term_string"}}],"inLanguage":"tr"},{"@type":"Organization","@id":"http:\/\/ankaraplazma.com\/#organization","name":"ANKARA PLAZMA","url":"http:\/\/ankaraplazma.com\/","logo":{"@type":"ImageObject","inLanguage":"tr","@id":"http:\/\/ankaraplazma.com\/#\/schema\/logo\/image\/","url":"https:\/\/ankaraplazma.com\/wp-content\/uploads\/2024\/11\/ANKARA-PLAZMA-logo-1.png","contentUrl":"https:\/\/ankaraplazma.com\/wp-content\/uploads\/2024\/11\/ANKARA-PLAZMA-logo-1.png","width":500,"height":500,"caption":"ANKARA PLAZMA"},"image":{"@id":"http:\/\/ankaraplazma.com\/#\/schema\/logo\/image\/"}}]}},"_links":{"self":[{"href":"http:\/\/ankaraplazma.com\/index.php\/wp-json\/wp\/v2\/pages\/22","targetHints":{"allow":["GET"]}}],"collection":[{"href":"http:\/\/ankaraplazma.com\/index.php\/wp-json\/wp\/v2\/pages"}],"about":[{"href":"http:\/\/ankaraplazma.com\/index.php\/wp-json\/wp\/v2\/types\/page"}],"author":[{"embeddable":true,"href":"http:\/\/ankaraplazma.com\/index.php\/wp-json\/wp\/v2\/users\/1"}],"replies":[{"embeddable":true,"href":"http:\/\/ankaraplazma.com\/index.php\/wp-json\/wp\/v2\/comments?post=22"}],"version-history":[{"count":35,"href":"http:\/\/ankaraplazma.com\/index.php\/wp-json\/wp\/v2\/pages\/22\/revisions"}],"predecessor-version":[{"id":304,"href":"http:\/\/ankaraplazma.com\/index.php\/wp-json\/wp\/v2\/pages\/22\/revisions\/304"}],"wp:attachment":[{"href":"http:\/\/ankaraplazma.com\/index.php\/wp-json\/wp\/v2\/media?parent=22"}],"curies":[{"name":"wp","href":"https:\/\/api.w.org\/{rel}","templated":true}]}}